{"id":73,"date":"2026-03-26T09:51:54","date_gmt":"2026-03-26T09:51:54","guid":{"rendered":"https:\/\/safeai365.com\/ai\/?post_type=product&#038;p=73"},"modified":"2026-03-26T10:02:19","modified_gmt":"2026-03-26T10:02:19","slug":"sistema-de-trading-max-trader-mega-bull","status":"publish","type":"product","link":"https:\/\/safeai365.com\/ai\/product\/sistema-de-trading-max-trader-mega-bull\/","title":{"rendered":"Sistema de trading Max Trader Mega Bull"},"content":{"rendered":"<ul>\n<li>Archivos EA\/cBot<br \/>\nGu\u00eda de instalaci\u00f3n y configuraci\u00f3n<br \/>\nReferencia de par\u00e1metros<br \/>\nLista de verificaci\u00f3n de seguridad<\/li>\n<\/ul>\n","protected":false},"excerpt":{"rendered":"<p>Archivos EA\/cBot Gu\u00eda de instalaci\u00f3n y configuraci\u00f3n Referencia de par\u00e1metros Lista de verificaci\u00f3n de seguridad<\/p>\n","protected":false},"featured_media":74,"template":"","meta":[],"product_brand":[],"product_cat":[16],"product_tag":[],"class_list":{"0":"post-73","1":"product","2":"type-product","3":"status-publish","4":"has-post-thumbnail","6":"product_cat-ai-framework","8":"first","9":"instock","10":"downloadable","11":"virtual","12":"purchasable","13":"product-type-simple"},"_links":{"self":[{"href":"https:\/\/safeai365.com\/ai\/wp-json\/wp\/v2\/product\/73","targetHints":{"allow":["GET"]}}],"collection":[{"href":"https:\/\/safeai365.com\/ai\/wp-json\/wp\/v2\/product"}],"about":[{"href":"https:\/\/safeai365.com\/ai\/wp-json\/wp\/v2\/types\/product"}],"wp:featuredmedia":[{"embeddable":true,"href":"https:\/\/safeai365.com\/ai\/wp-json\/wp\/v2\/media\/74"}],"wp:attachment":[{"href":"https:\/\/safeai365.com\/ai\/wp-json\/wp\/v2\/media?parent=73"}],"wp:term":[{"taxonomy":"product_brand","embeddable":true,"href":"https:\/\/safeai365.com\/ai\/wp-json\/wp\/v2\/product_brand?post=73"},{"taxonomy":"product_cat","embeddable":true,"href":"https:\/\/safeai365.com\/ai\/wp-json\/wp\/v2\/product_cat?post=73"},{"taxonomy":"product_tag","embeddable":true,"href":"https:\/\/safeai365.com\/ai\/wp-json\/wp\/v2\/product_tag?post=73"}],"curies":[{"name":"wp","href":"https:\/\/api.w.org\/{rel}","templated":true}]}}